{"id":8452,"date":"2024-05-07T15:45:54","date_gmt":"2024-05-07T13:45:54","guid":{"rendered":"https:\/\/vandergrintengalerie.com\/?post_type=product&#038;p=8452"},"modified":"2024-06-05T13:49:48","modified_gmt":"2024-06-05T11:49:48","slug":"elger-esser-mont-saint-michel-schirmer-mosel-verlag-2024","status":"publish","type":"product","link":"https:\/\/vandergrintengalerie.com\/en\/product\/elger-esser-mont-saint-michel-schirmer-mosel-verlag-2024\/","title":{"rendered":"Elger Esser &#8220;Mont-Saint-Michel&#8221; \u2022 Book Schirmer\/Mosel Verlag (2024)"},"content":{"rendered":"","protected":false},"excerpt":{"rendered":"<p>Hard cover, 168 pages, German, English, French<br \/>\nWith Essays by Helo\u00efse Con\u00e9sa und Yann Queff\u00e9lec<br \/>\n<a class=\"search-link textlink\" href=\"https:\/\/www.jpc.de\/s\/schirmer%2Fmosel+verlag+gmbh?searchtype=ctxverlag\" data-rubric=\"books\">Schirmer\/Mosel Verlag GmbH<\/a><\/p>\n<p>ISBN-13:\u00a09783829609746<\/p>\n","protected":false},"featured_media":8479,"template":"","meta":{"inline_featured_image":false},"product_brand":[],"product_cat":[39,102,29],"product_tag":[92,137,88,136],"class_list":{"0":"post-8452","1":"product","2":"type-product","3":"status-publish","4":"has-post-thumbnail","6":"product_cat-art-book","7":"product_cat-photography","8":"product_cat-publications","9":"product_tag-artist-book","10":"product_tag-book","11":"product_tag-photography","12":"product_tag-publikation","13":"product_shipping_class-mittel","15":"first","16":"instock","17":"taxable","18":"shipping-taxable","19":"purchasable","20":"product-type-simple"},"_links":{"self":[{"href":"https:\/\/vandergrintengalerie.com\/en\/wp-json\/wp\/v2\/product\/8452","targetHints":{"allow":["GET"]}}],"collection":[{"href":"https:\/\/vandergrintengalerie.com\/en\/wp-json\/wp\/v2\/product"}],"about":[{"href":"https:\/\/vandergrintengalerie.com\/en\/wp-json\/wp\/v2\/types\/product"}],"wp:featuredmedia":[{"embeddable":true,"href":"https:\/\/vandergrintengalerie.com\/en\/wp-json\/wp\/v2\/media\/8479"}],"wp:attachment":[{"href":"https:\/\/vandergrintengalerie.com\/en\/wp-json\/wp\/v2\/media?parent=8452"}],"wp:term":[{"taxonomy":"product_brand","embeddable":true,"href":"https:\/\/vandergrintengalerie.com\/en\/wp-json\/wp\/v2\/product_brand?post=8452"},{"taxonomy":"product_cat","embeddable":true,"href":"https:\/\/vandergrintengalerie.com\/en\/wp-json\/wp\/v2\/product_cat?post=8452"},{"taxonomy":"product_tag","embeddable":true,"href":"https:\/\/vandergrintengalerie.com\/en\/wp-json\/wp\/v2\/product_tag?post=8452"}],"curies":[{"name":"wp","href":"https:\/\/api.w.org\/{rel}","templated":true}]}}