{"id":2120,"date":"2022-10-31T11:48:58","date_gmt":"2022-10-31T10:48:58","guid":{"rendered":"http:\/\/2022.vandergrintengalerie.com\/?post_type=product&#038;p=2120"},"modified":"2022-11-07T17:09:03","modified_gmt":"2022-11-07T16:09:03","slug":"gabor-oesz-der-fliessende-horizont-the-liquid-horizon","status":"publish","type":"product","link":"https:\/\/vandergrintengalerie.com\/en\/product\/gabor-oesz-der-fliessende-horizont-the-liquid-horizon\/","title":{"rendered":"G\u00e1bor \u00d6sz \u00bbDer flie\u00dfende Horizont \/ The liquid Horizon\u00ab"},"content":{"rendered":"","protected":false},"excerpt":{"rendered":"<p>Published by  B\u00fcro f\u00fcr Fotos, Cologne and Ludwig M\u00fazeum Budapest<br \/>\nTexts by Maria Tappeiner &#038; G\u00e1bor \u00d6sz.<\/p>\n<p>Hardcover<br \/>\nSchaden Verlag, K\u00f6ln, 2000<br \/>\nSize: 21 x 24,5 cm<br \/>\n48 pp. Ills. german\/english<br \/>\nISBN: 3-932187-15-6<\/p>\n","protected":false},"featured_media":2121,"template":"","meta":{"inline_featured_image":false},"product_brand":[],"product_cat":[39],"product_tag":[],"class_list":{"0":"post-2120","1":"product","2":"type-product","3":"status-publish","4":"has-post-thumbnail","6":"product_cat-art-book","7":"product_shipping_class-klein","9":"first","10":"instock","11":"taxable","12":"shipping-taxable","13":"purchasable","14":"product-type-simple"},"_links":{"self":[{"href":"https:\/\/vandergrintengalerie.com\/en\/wp-json\/wp\/v2\/product\/2120","targetHints":{"allow":["GET"]}}],"collection":[{"href":"https:\/\/vandergrintengalerie.com\/en\/wp-json\/wp\/v2\/product"}],"about":[{"href":"https:\/\/vandergrintengalerie.com\/en\/wp-json\/wp\/v2\/types\/product"}],"wp:featuredmedia":[{"embeddable":true,"href":"https:\/\/vandergrintengalerie.com\/en\/wp-json\/wp\/v2\/media\/2121"}],"wp:attachment":[{"href":"https:\/\/vandergrintengalerie.com\/en\/wp-json\/wp\/v2\/media?parent=2120"}],"wp:term":[{"taxonomy":"product_brand","embeddable":true,"href":"https:\/\/vandergrintengalerie.com\/en\/wp-json\/wp\/v2\/product_brand?post=2120"},{"taxonomy":"product_cat","embeddable":true,"href":"https:\/\/vandergrintengalerie.com\/en\/wp-json\/wp\/v2\/product_cat?post=2120"},{"taxonomy":"product_tag","embeddable":true,"href":"https:\/\/vandergrintengalerie.com\/en\/wp-json\/wp\/v2\/product_tag?post=2120"}],"curies":[{"name":"wp","href":"https:\/\/api.w.org\/{rel}","templated":true}]}}